{"id":295,"date":"2023-07-21T07:16:53","date_gmt":"2023-07-21T07:16:53","guid":{"rendered":"https:\/\/graph-co.com\/?page_id=295"},"modified":"2023-08-18T12:05:41","modified_gmt":"2023-08-18T12:05:41","slug":"impressum","status":"publish","type":"page","link":"https:\/\/graph-co.com\/en\/impressum","title":{"rendered":"Imprint"},"content":{"rendered":"<div data-elementor-type=\"wp-page\" data-elementor-id=\"295\" class=\"elementor elementor-295\" data-elementor-post-type=\"page\">\n\t\t\t\t\t\t<section class=\"elementor-section elementor-top-section elementor-element elementor-element-70b7b2 elementor-section-boxed elementor-section-height-default elementor-section-height-default\" data-id=\"70b7b2\" data-element_type=\"section\" data-e-type=\"section\" data-settings=\"{&quot;background_background&quot;:&quot;classic&quot;}\">\n\t\t\t\t\t\t<div class=\"elementor-container elementor-column-gap-default\">\n\t\t\t\t\t<div class=\"elementor-column elementor-col-100 elementor-top-column elementor-element elementor-element-46c5a6e3\" data-id=\"46c5a6e3\" data-element_type=\"column\" data-e-type=\"column\">\n\t\t\t<div class=\"elementor-widget-wrap elementor-element-populated\">\n\t\t\t\t\t\t<div class=\"elementor-element elementor-element-c4e2856 elementor-widget elementor-widget-heading\" data-id=\"c4e2856\" data-element_type=\"widget\" data-e-type=\"widget\" data-widget_type=\"heading.default\">\n\t\t\t\t<div class=\"elementor-widget-container\">\n\t\t\t\t\t<h2 class=\"elementor-heading-title elementor-size-default\">Imprint<\/h2>\t\t\t\t<\/div>\n\t\t\t\t<\/div>\n\t\t\t\t<div class=\"elementor-element elementor-element-3c686591 elementor-widget elementor-widget-text-editor\" data-id=\"3c686591\" data-element_type=\"widget\" data-e-type=\"widget\" data-widget_type=\"text-editor.default\">\n\t\t\t\t<div class=\"elementor-widget-container\">\n\t\t\t\t\t\t\t\t\t\n<p>Imprint<br \/>Angaben gem\u00e4\u00df \u00a7 5 TMG<br \/>Graph-Co GmbH<br \/>Karl-Stieler-Str. 2<br \/>60320 Frankfurt<\/p>\n<p>Handelsregister: HRB 130068<br \/>Registergericht: Amtsgericht Frankfurt am Main<\/p>\n<p>Vertreten durch:<br \/>Frank Hertling<\/p>\n<p>Kontakt<br \/>E-Mail: info@graph-co.com<\/p>\n<p>Umsatzsteuer-Identifikationsnummer gem\u00e4\u00df \u00a7 27 a Umsatzsteuergesetz: DE359131150<\/p>\n<p>Verbraucher\u00adstreit\u00adbeilegung\/Universal\u00adschlichtungs\u00adstelle Wir sind nicht bereit oder verpflichtet, an Streitbeilegungsverfahren vor einer Verbraucherschlichtungsstelle teilzunehmen.<\/p>\n\t\t\t\t\t\t\t\t<\/div>\n\t\t\t\t<\/div>\n\t\t\t\t\t<\/div>\n\t\t<\/div>\n\t\t\t\t\t<\/div>\n\t\t<\/section>\n\t\t\t\t<section class=\"elementor-section elementor-top-section elementor-element elementor-element-108895a elementor-hidden-tablet elementor-hidden-mobile elementor-section-boxed elementor-section-height-default elementor-section-height-default\" data-id=\"108895a\" data-element_type=\"section\" data-e-type=\"section\" data-settings=\"{&quot;background_background&quot;:&quot;classic&quot;}\">\n\t\t\t\t\t\t<div class=\"elementor-container elementor-column-gap-default\">\n\t\t\t\t\t<div class=\"elementor-column elementor-col-33 elementor-top-column elementor-element elementor-element-c9fff5d\" data-id=\"c9fff5d\" data-element_type=\"column\" data-e-type=\"column\">\n\t\t\t<div class=\"elementor-widget-wrap elementor-element-populated\">\n\t\t\t\t\t\t<div class=\"elementor-element elementor-element-8d9e0ca elementor-widget elementor-widget-heading\" data-id=\"8d9e0ca\" data-element_type=\"widget\" data-e-type=\"widget\" data-widget_type=\"heading.default\">\n\t\t\t\t<div class=\"elementor-widget-container\">\n\t\t\t\t\t<h2 class=\"elementor-heading-title elementor-size-default\">INTERESTED?<\/h2>\t\t\t\t<\/div>\n\t\t\t\t<\/div>\n\t\t\t\t<div class=\"elementor-element elementor-element-8976779 elementor-widget elementor-widget-text-editor\" data-id=\"8976779\" data-element_type=\"widget\" data-e-type=\"widget\" data-widget_type=\"text-editor.default\">\n\t\t\t\t<div class=\"elementor-widget-container\">\n\t\t\t\t\t\t\t\t\t<p>Contact us for a non-committal chat <br \/>about your plans or projects!<\/p>\t\t\t\t\t\t\t\t<\/div>\n\t\t\t\t<\/div>\n\t\t\t\t<div class=\"elementor-element elementor-element-2b9a425 elementor-align-center elementor-widget elementor-widget-button\" data-id=\"2b9a425\" data-element_type=\"widget\" data-e-type=\"widget\" data-settings=\"{&quot;_animation&quot;:&quot;none&quot;}\" data-widget_type=\"button.default\">\n\t\t\t\t<div class=\"elementor-widget-container\">\n\t\t\t\t\t\t\t\t\t<div class=\"elementor-button-wrapper\">\n\t\t\t\t\t<a class=\"elementor-button elementor-button-link elementor-size-sm\" href=\"mailto:info@graph-co.com\">\n\t\t\t\t\t\t<span class=\"elementor-button-content-wrapper\">\n\t\t\t\t\t\t\t\t\t<span class=\"elementor-button-text\">CONTACT<\/span>\n\t\t\t\t\t<\/span>\n\t\t\t\t\t<\/a>\n\t\t\t\t<\/div>\n\t\t\t\t\t\t\t\t<\/div>\n\t\t\t\t<\/div>\n\t\t\t\t\t<\/div>\n\t\t<\/div>\n\t\t\t\t<div class=\"elementor-column elementor-col-33 elementor-top-column elementor-element elementor-element-3fc7553\" data-id=\"3fc7553\" data-element_type=\"column\" data-e-type=\"column\">\n\t\t\t<div class=\"elementor-widget-wrap\">\n\t\t\t\t\t\t\t<\/div>\n\t\t<\/div>\n\t\t\t\t<div class=\"elementor-column elementor-col-33 elementor-top-column elementor-element elementor-element-002a6c2\" data-id=\"002a6c2\" data-element_type=\"column\" data-e-type=\"column\">\n\t\t\t<div class=\"elementor-widget-wrap elementor-element-populated\">\n\t\t\t\t\t\t<div class=\"elementor-element elementor-element-7ceb528 elementor-widget elementor-widget-heading\" data-id=\"7ceb528\" data-element_type=\"widget\" data-e-type=\"widget\" data-widget_type=\"heading.default\">\n\t\t\t\t<div class=\"elementor-widget-container\">\n\t\t\t\t\t<h2 class=\"elementor-heading-title elementor-size-default\">CAREER<\/h2>\t\t\t\t<\/div>\n\t\t\t\t<\/div>\n\t\t\t\t<div class=\"elementor-element elementor-element-909c5bd elementor-widget elementor-widget-text-editor\" data-id=\"909c5bd\" data-element_type=\"widget\" data-e-type=\"widget\" data-widget_type=\"text-editor.default\">\n\t\t\t\t<div class=\"elementor-widget-container\">\n\t\t\t\t\t\t\t\t\t<ul><li style=\"text-align: left;\">You are an expert Admin in ALM-\/CAE-systems<\/li><li style=\"text-align: left;\">You are an engineering student looking for exposure to digital solutions<\/li><\/ul>\t\t\t\t\t\t\t\t<\/div>\n\t\t\t\t<\/div>\n\t\t\t\t<div class=\"elementor-element elementor-element-61514b1 elementor-align-center elementor-widget elementor-widget-button\" data-id=\"61514b1\" data-element_type=\"widget\" data-e-type=\"widget\" data-settings=\"{&quot;_animation&quot;:&quot;none&quot;}\" data-widget_type=\"button.default\">\n\t\t\t\t<div class=\"elementor-widget-container\">\n\t\t\t\t\t\t\t\t\t<div class=\"elementor-button-wrapper\">\n\t\t\t\t\t<a class=\"elementor-button elementor-button-link elementor-size-sm\" href=\"mailto:info@graph-co.com\">\n\t\t\t\t\t\t<span class=\"elementor-button-content-wrapper\">\n\t\t\t\t\t\t\t\t\t<span class=\"elementor-button-text\">APPLY NOW<\/span>\n\t\t\t\t\t<\/span>\n\t\t\t\t\t<\/a>\n\t\t\t\t<\/div>\n\t\t\t\t\t\t\t\t<\/div>\n\t\t\t\t<\/div>\n\t\t\t\t\t<\/div>\n\t\t<\/div>\n\t\t\t\t\t<\/div>\n\t\t<\/section>\n\t\t\t\t<\/div>","protected":false},"excerpt":{"rendered":"<p>Impressum ImpressumAngaben gem\u00e4\u00df \u00a7 5 TMGGraph-Co GmbHKarl-Stieler-Str. 260320 Frankfurt Handelsregister: HRB 130068Registergericht: Amtsgericht Frankfurt am Main Vertreten durch:Frank Hertling KontaktE-Mail: info@graph-co.com Umsatzsteuer-Identifikationsnummer gem\u00e4\u00df \u00a7 27 a Umsatzsteuergesetz: DE359131150 Verbraucher\u00adstreit\u00adbeilegung\/Universal\u00adschlichtungs\u00adstelle Wir sind nicht bereit oder verpflichtet, an Streitbeilegungsverfahren vor einer Verbraucherschlichtungsstelle teilzunehmen. INTERESSIERT? Kontaktieren Sie uns f\u00fcr ein unverbindliches Gespr\u00e4ch \u00fcber ihre Pl\u00e4ne oder Projekte KONTAKT [&hellip;]<\/p>\n","protected":false},"author":1,"featured_media":0,"parent":0,"menu_order":0,"comment_status":"closed","ping_status":"closed","template":"elementor_header_footer","meta":{"footnotes":""},"class_list":["post-295","page","type-page","status-publish","hentry"],"yoast_head":"<!-- This site is optimized with the Yoast SEO plugin v27.4 - https:\/\/yoast.com\/product\/yoast-seo-wordpress\/ -->\n<title>Impressum - Graph-Co<\/title>\n<meta name=\"robots\" content=\"index, follow, max-snippet:-1, max-image-preview:large, max-video-preview:-1\" \/>\n<link rel=\"canonical\" href=\"https:\/\/graph-co.com\/en\/impressum\/\" \/>\n<meta property=\"og:locale\" content=\"en_GB\" \/>\n<meta property=\"og:type\" content=\"article\" \/>\n<meta property=\"og:title\" content=\"Impressum - Graph-Co\" \/>\n<meta property=\"og:description\" content=\"Impressum ImpressumAngaben gem\u00e4\u00df \u00a7 5 TMGGraph-Co GmbHKarl-Stieler-Str. 260320 Frankfurt Handelsregister: HRB 130068Registergericht: Amtsgericht Frankfurt am Main Vertreten durch:Frank Hertling KontaktE-Mail: info@graph-co.com Umsatzsteuer-Identifikationsnummer gem\u00e4\u00df \u00a7 27 a Umsatzsteuergesetz: DE359131150 Verbraucher\u00adstreit\u00adbeilegung\/Universal\u00adschlichtungs\u00adstelle Wir sind nicht bereit oder verpflichtet, an Streitbeilegungsverfahren vor einer Verbraucherschlichtungsstelle teilzunehmen. INTERESSIERT? Kontaktieren Sie uns f\u00fcr ein unverbindliches Gespr\u00e4ch \u00fcber ihre Pl\u00e4ne oder Projekte KONTAKT [&hellip;]\" \/>\n<meta property=\"og:url\" content=\"https:\/\/graph-co.com\/en\/impressum\/\" \/>\n<meta property=\"og:site_name\" content=\"Graph-Co\" \/>\n<meta property=\"article:modified_time\" content=\"2023-08-18T12:05:41+00:00\" \/>\n<meta name=\"twitter:card\" content=\"summary_large_image\" \/>\n<script type=\"application\/ld+json\" class=\"yoast-schema-graph\">{\"@context\":\"https:\\\/\\\/schema.org\",\"@graph\":[{\"@type\":\"WebPage\",\"@id\":\"https:\\\/\\\/graph-co.com\\\/impressum\",\"url\":\"https:\\\/\\\/graph-co.com\\\/impressum\",\"name\":\"Impressum - Graph-Co\",\"isPartOf\":{\"@id\":\"https:\\\/\\\/graph-co.com\\\/#website\"},\"datePublished\":\"2023-07-21T07:16:53+00:00\",\"dateModified\":\"2023-08-18T12:05:41+00:00\",\"breadcrumb\":{\"@id\":\"https:\\\/\\\/graph-co.com\\\/impressum#breadcrumb\"},\"inLanguage\":\"en-GB\",\"potentialAction\":[{\"@type\":\"ReadAction\",\"target\":[\"https:\\\/\\\/graph-co.com\\\/impressum\"]}]},{\"@type\":\"BreadcrumbList\",\"@id\":\"https:\\\/\\\/graph-co.com\\\/impressum#breadcrumb\",\"itemListElement\":[{\"@type\":\"ListItem\",\"position\":1,\"name\":\"Home\",\"item\":\"https:\\\/\\\/graph-co.com\\\/\"},{\"@type\":\"ListItem\",\"position\":2,\"name\":\"Impressum\"}]},{\"@type\":\"WebSite\",\"@id\":\"https:\\\/\\\/graph-co.com\\\/#website\",\"url\":\"https:\\\/\\\/graph-co.com\\\/\",\"name\":\"Graph-Co\",\"description\":\"\",\"publisher\":{\"@id\":\"https:\\\/\\\/graph-co.com\\\/#organization\"},\"potentialAction\":[{\"@type\":\"SearchAction\",\"target\":{\"@type\":\"EntryPoint\",\"urlTemplate\":\"https:\\\/\\\/graph-co.com\\\/?s={search_term_string}\"},\"query-input\":{\"@type\":\"PropertyValueSpecification\",\"valueRequired\":true,\"valueName\":\"search_term_string\"}}],\"inLanguage\":\"en-GB\"},{\"@type\":\"Organization\",\"@id\":\"https:\\\/\\\/graph-co.com\\\/#organization\",\"name\":\"Graph-Co\",\"url\":\"https:\\\/\\\/graph-co.com\\\/\",\"logo\":{\"@type\":\"ImageObject\",\"inLanguage\":\"en-GB\",\"@id\":\"https:\\\/\\\/graph-co.com\\\/#\\\/schema\\\/logo\\\/image\\\/\",\"url\":\"https:\\\/\\\/graph-co.com\\\/wp-content\\\/uploads\\\/2023\\\/07\\\/Graph_Co_Square_Inside_Logo.svg\",\"contentUrl\":\"https:\\\/\\\/graph-co.com\\\/wp-content\\\/uploads\\\/2023\\\/07\\\/Graph_Co_Square_Inside_Logo.svg\",\"width\":549,\"height\":549,\"caption\":\"Graph-Co\"},\"image\":{\"@id\":\"https:\\\/\\\/graph-co.com\\\/#\\\/schema\\\/logo\\\/image\\\/\"}}]}<\/script>\n<!-- \/ Yoast SEO plugin. -->","yoast_head_json":{"title":"Impressum - Graph-Co","robots":{"index":"index","follow":"follow","max-snippet":"max-snippet:-1","max-image-preview":"max-image-preview:large","max-video-preview":"max-video-preview:-1"},"canonical":"https:\/\/graph-co.com\/en\/impressum\/","og_locale":"en_GB","og_type":"article","og_title":"Impressum - Graph-Co","og_description":"Impressum ImpressumAngaben gem\u00e4\u00df \u00a7 5 TMGGraph-Co GmbHKarl-Stieler-Str. 260320 Frankfurt Handelsregister: HRB 130068Registergericht: Amtsgericht Frankfurt am Main Vertreten durch:Frank Hertling KontaktE-Mail: info@graph-co.com Umsatzsteuer-Identifikationsnummer gem\u00e4\u00df \u00a7 27 a Umsatzsteuergesetz: DE359131150 Verbraucher\u00adstreit\u00adbeilegung\/Universal\u00adschlichtungs\u00adstelle Wir sind nicht bereit oder verpflichtet, an Streitbeilegungsverfahren vor einer Verbraucherschlichtungsstelle teilzunehmen. INTERESSIERT? Kontaktieren Sie uns f\u00fcr ein unverbindliches Gespr\u00e4ch \u00fcber ihre Pl\u00e4ne oder Projekte KONTAKT [&hellip;]","og_url":"https:\/\/graph-co.com\/en\/impressum\/","og_site_name":"Graph-Co","article_modified_time":"2023-08-18T12:05:41+00:00","twitter_card":"summary_large_image","schema":{"@context":"https:\/\/schema.org","@graph":[{"@type":"WebPage","@id":"https:\/\/graph-co.com\/impressum","url":"https:\/\/graph-co.com\/impressum","name":"Impressum - Graph-Co","isPartOf":{"@id":"https:\/\/graph-co.com\/#website"},"datePublished":"2023-07-21T07:16:53+00:00","dateModified":"2023-08-18T12:05:41+00:00","breadcrumb":{"@id":"https:\/\/graph-co.com\/impressum#breadcrumb"},"inLanguage":"en-GB","potentialAction":[{"@type":"ReadAction","target":["https:\/\/graph-co.com\/impressum"]}]},{"@type":"BreadcrumbList","@id":"https:\/\/graph-co.com\/impressum#breadcrumb","itemListElement":[{"@type":"ListItem","position":1,"name":"Home","item":"https:\/\/graph-co.com\/"},{"@type":"ListItem","position":2,"name":"Impressum"}]},{"@type":"WebSite","@id":"https:\/\/graph-co.com\/#website","url":"https:\/\/graph-co.com\/","name":"Graph-Co","description":"","publisher":{"@id":"https:\/\/graph-co.com\/#organization"},"potentialAction":[{"@type":"SearchAction","target":{"@type":"EntryPoint","urlTemplate":"https:\/\/graph-co.com\/?s={search_term_string}"},"query-input":{"@type":"PropertyValueSpecification","valueRequired":true,"valueName":"search_term_string"}}],"inLanguage":"en-GB"},{"@type":"Organization","@id":"https:\/\/graph-co.com\/#organization","name":"Graph-Co","url":"https:\/\/graph-co.com\/","logo":{"@type":"ImageObject","inLanguage":"en-GB","@id":"https:\/\/graph-co.com\/#\/schema\/logo\/image\/","url":"https:\/\/graph-co.com\/wp-content\/uploads\/2023\/07\/Graph_Co_Square_Inside_Logo.svg","contentUrl":"https:\/\/graph-co.com\/wp-content\/uploads\/2023\/07\/Graph_Co_Square_Inside_Logo.svg","width":549,"height":549,"caption":"Graph-Co"},"image":{"@id":"https:\/\/graph-co.com\/#\/schema\/logo\/image\/"}}]}},"_links":{"self":[{"href":"https:\/\/graph-co.com\/en\/wp-json\/wp\/v2\/pages\/295","targetHints":{"allow":["GET"]}}],"collection":[{"href":"https:\/\/graph-co.com\/en\/wp-json\/wp\/v2\/pages"}],"about":[{"href":"https:\/\/graph-co.com\/en\/wp-json\/wp\/v2\/types\/page"}],"author":[{"embeddable":true,"href":"https:\/\/graph-co.com\/en\/wp-json\/wp\/v2\/users\/1"}],"replies":[{"embeddable":true,"href":"https:\/\/graph-co.com\/en\/wp-json\/wp\/v2\/comments?post=295"}],"version-history":[{"count":20,"href":"https:\/\/graph-co.com\/en\/wp-json\/wp\/v2\/pages\/295\/revisions"}],"predecessor-version":[{"id":1898,"href":"https:\/\/graph-co.com\/en\/wp-json\/wp\/v2\/pages\/295\/revisions\/1898"}],"wp:attachment":[{"href":"https:\/\/graph-co.com\/en\/wp-json\/wp\/v2\/media?parent=295"}],"curies":[{"name":"wp","href":"https:\/\/api.w.org\/{rel}","templated":true}]}}