{"id":1993,"date":"2024-05-24T06:26:45","date_gmt":"2024-05-24T06:26:45","guid":{"rendered":"https:\/\/graph-co.com\/?page_id=1993"},"modified":"2024-05-24T10:37:40","modified_gmt":"2024-05-24T10:37:40","slug":"job-01","status":"publish","type":"page","link":"https:\/\/graph-co.com\/en\/job-01","title":{"rendered":"job-01"},"content":{"rendered":"<div data-elementor-type=\"wp-page\" data-elementor-id=\"1993\" class=\"elementor elementor-1993\" data-elementor-post-type=\"page\">\n\t\t\t\t<div class=\"elementor-element elementor-element-9a5a631 e-flex e-con-boxed e-con e-parent\" data-id=\"9a5a631\" data-element_type=\"container\" data-e-type=\"container\" data-settings=\"{&quot;background_background&quot;:&quot;classic&quot;}\">\n\t\t\t\t\t<div class=\"e-con-inner\">\n\t\t<div class=\"elementor-element elementor-element-d09acbc e-con-full e-flex e-con e-child\" data-id=\"d09acbc\" data-element_type=\"container\" data-e-type=\"container\">\n\t\t\t\t<div class=\"elementor-element elementor-element-6f740e4 elementor-widget elementor-widget-heading\" data-id=\"6f740e4\" data-element_type=\"widget\" data-e-type=\"widget\" data-widget_type=\"heading.default\">\n\t\t\t\t<div class=\"elementor-widget-container\">\n\t\t\t\t\t<h2 class=\"elementor-heading-title elementor-size-default\">Technischer Zeichner mit COMOS-P&amp;ID Erfahrung (m\/w)<\/h2>\t\t\t\t<\/div>\n\t\t\t\t<\/div>\n\t\t\t\t<div class=\"elementor-element elementor-element-0662458 elementor-widget elementor-widget-text-editor\" data-id=\"0662458\" data-element_type=\"widget\" data-e-type=\"widget\" data-widget_type=\"text-editor.default\">\n\t\t\t\t<div class=\"elementor-widget-container\">\n\t\t\t\t\t\t\t\t\t<h5><span style=\"color: #11709b;\">Teil- oder Vollzeit \/ Home-Office<\/span><\/h5><p>Du bist Technischer Zeichner, versiert im COMOS P&amp;ID-Modul und m\u00f6chtest dein Wissen in innovativen L\u00f6sungen zur Geltung bringen? Graph-Co bietet dir die M\u00f6glichkeit deine Kenntnisse und F\u00e4higkeiten in einem innovativen Unternehmensumfeld einzubringen und state-of-the-Art L\u00f6sungen mitzugestalten.<\/p><h5><span style=\"color: #11709b;\"><strong>DEINE AUFGABEN<\/strong><\/span><\/h5><ul><li>XML-Dateien mit P&amp;ID Inhalten in COMOS importieren<\/li><li>Zur Weiterbearbeitung VB-Skripte ausl\u00f6sen und Ergebnis auf Qualit\u00e4t pr\u00fcfen<\/li><li>Objekte und Rohrleitungsverl\u00e4ufe erkennen und ggf. korrigieren<\/li><li>COMOS Strukturbaum verstehen und navigieren<\/li><li>Stammobjekte bearbeiten und tauschen<\/li><li>Computer-Vision Erkennung von P&amp;ID Symbolen und Attributen auf P&amp;IDs pr\u00fcfen und ggf. korrigieren (Prozess ist web-basiert) \u00e0 Ergebnis trainiert unsere KI<\/li><li>Gelegentliche Teilnahme an MS Teams-basierten Kundenterminen und Abstimmung mit Kunden COMOS Admin<\/li><\/ul><h5><span style=\"color: #11709b;\"><strong>DEIN PROFIL<\/strong><\/span><\/h5><ul><li>Mehrj\u00e4hrige Berufserfahrung im technischen Zeichnen, vorzugsweise in der Chemie- oder Pharma Industrie, COMOS Basic und P&amp;ID (lesen, verstehen, bearbeiten),<\/li><li>Erfahrung mit EI&amp;C w\u00e4re ein Plus<\/li><li>Selbst\u00e4ndige, strukturierte und zielorientierte Arbeitsweise und hoher Qualit\u00e4tsanspruch an eigene Arbeit<\/li><li>Klar strukturierte und proaktive Kommunikation<\/li><li>Zuverl\u00e4ssigkeit i.S.v. Bearbeitung von Priorit\u00e4ten mit verbindlichen Terminen<\/li><\/ul><h5><span style=\"color: #11709b;\"><strong>UNSER ANGEBOT<\/strong><\/span><\/h5><p>Leistungsorientierte Verg\u00fctung mit Erfolgsbeteiligung: Bonus bei guter Leistung und Gesch\u00e4ftsentwicklung.<br \/>Flexible Arbeitszeiten und -orte; Weiterbildung und Entwicklungsm\u00f6glichkeit; fachlich anspruchsvolle Arbeit; steile Lernkurve dank hochinnovativer Projekte.<\/p><p>Wir freuen uns auf deine Bewerbung mit Verf\u00fcgbarkeit per E-Mail an <span style=\"color: #ff0000;\"><a style=\"color: #ff0000;\" href=\"mailto:info@graph-co.com\">info@graph-co.com<\/a><\/span> <br \/>F\u00fcr R\u00fcckfragen steht dir auch Laurenz Merth unter der Rufnummer +49 151 64407049 gerne zur Verf\u00fcgung.<\/p>\t\t\t\t\t\t\t\t<\/div>\n\t\t\t\t<\/div>\n\t\t\t\t<\/div>\n\t\t\t\t\t<\/div>\n\t\t\t\t<\/div>\n\t\t\t\t<\/div>","protected":false},"excerpt":{"rendered":"<p>Technischer Zeichner mit COMOS-P&#038;ID Erfahrung (m\/w) Teil- oder Vollzeit \/ Home-Office Du bist Technischer Zeichner, versiert im COMOS P&amp;ID-Modul und m\u00f6chtest dein Wissen in innovativen L\u00f6sungen zur Geltung bringen? Graph-Co bietet dir die M\u00f6glichkeit deine Kenntnisse und F\u00e4higkeiten in einem innovativen Unternehmensumfeld einzubringen und state-of-the-Art L\u00f6sungen mitzugestalten. DEINE AUFGABEN XML-Dateien mit P&amp;ID Inhalten in COMOS [&hellip;]<\/p>\n","protected":false},"author":1,"featured_media":0,"parent":0,"menu_order":0,"comment_status":"closed","ping_status":"closed","template":"elementor_header_footer","meta":{"footnotes":""},"class_list":["post-1993","page","type-page","status-publish","hentry"],"yoast_head":"<!-- This site is optimized with the Yoast SEO plugin v27.5 - https:\/\/yoast.com\/product\/yoast-seo-wordpress\/ -->\n<title>job-01 - Graph-Co<\/title>\n<meta name=\"robots\" content=\"index, follow, max-snippet:-1, max-image-preview:large, max-video-preview:-1\" \/>\n<link rel=\"canonical\" href=\"https:\/\/graph-co.com\/en\/job-01\/\" \/>\n<meta property=\"og:locale\" content=\"en_GB\" \/>\n<meta property=\"og:type\" content=\"article\" \/>\n<meta property=\"og:title\" content=\"job-01 - Graph-Co\" \/>\n<meta property=\"og:description\" content=\"Technischer Zeichner mit COMOS-P&#038;ID Erfahrung (m\/w) Teil- oder Vollzeit \/ Home-Office Du bist Technischer Zeichner, versiert im COMOS P&amp;ID-Modul und m\u00f6chtest dein Wissen in innovativen L\u00f6sungen zur Geltung bringen? Graph-Co bietet dir die M\u00f6glichkeit deine Kenntnisse und F\u00e4higkeiten in einem innovativen Unternehmensumfeld einzubringen und state-of-the-Art L\u00f6sungen mitzugestalten. DEINE AUFGABEN XML-Dateien mit P&amp;ID Inhalten in COMOS [&hellip;]\" \/>\n<meta property=\"og:url\" content=\"https:\/\/graph-co.com\/en\/job-01\/\" \/>\n<meta property=\"og:site_name\" content=\"Graph-Co\" \/>\n<meta property=\"article:modified_time\" content=\"2024-05-24T10:37:40+00:00\" \/>\n<meta name=\"twitter:card\" content=\"summary_large_image\" \/>\n<meta name=\"twitter:label1\" content=\"Estimated reading time\" \/>\n\t<meta name=\"twitter:data1\" content=\"1 minute\" \/>\n<script type=\"application\/ld+json\" class=\"yoast-schema-graph\">{\"@context\":\"https:\\\/\\\/schema.org\",\"@graph\":[{\"@type\":\"WebPage\",\"@id\":\"https:\\\/\\\/graph-co.com\\\/job-01\",\"url\":\"https:\\\/\\\/graph-co.com\\\/job-01\",\"name\":\"job-01 - Graph-Co\",\"isPartOf\":{\"@id\":\"https:\\\/\\\/graph-co.com\\\/#website\"},\"datePublished\":\"2024-05-24T06:26:45+00:00\",\"dateModified\":\"2024-05-24T10:37:40+00:00\",\"breadcrumb\":{\"@id\":\"https:\\\/\\\/graph-co.com\\\/job-01#breadcrumb\"},\"inLanguage\":\"en-GB\",\"potentialAction\":[{\"@type\":\"ReadAction\",\"target\":[\"https:\\\/\\\/graph-co.com\\\/job-01\"]}]},{\"@type\":\"BreadcrumbList\",\"@id\":\"https:\\\/\\\/graph-co.com\\\/job-01#breadcrumb\",\"itemListElement\":[{\"@type\":\"ListItem\",\"position\":1,\"name\":\"Home\",\"item\":\"https:\\\/\\\/graph-co.com\\\/\"},{\"@type\":\"ListItem\",\"position\":2,\"name\":\"job-01\"}]},{\"@type\":\"WebSite\",\"@id\":\"https:\\\/\\\/graph-co.com\\\/#website\",\"url\":\"https:\\\/\\\/graph-co.com\\\/\",\"name\":\"Graph-Co\",\"description\":\"\",\"publisher\":{\"@id\":\"https:\\\/\\\/graph-co.com\\\/#organization\"},\"potentialAction\":[{\"@type\":\"SearchAction\",\"target\":{\"@type\":\"EntryPoint\",\"urlTemplate\":\"https:\\\/\\\/graph-co.com\\\/?s={search_term_string}\"},\"query-input\":{\"@type\":\"PropertyValueSpecification\",\"valueRequired\":true,\"valueName\":\"search_term_string\"}}],\"inLanguage\":\"en-GB\"},{\"@type\":\"Organization\",\"@id\":\"https:\\\/\\\/graph-co.com\\\/#organization\",\"name\":\"Graph-Co\",\"url\":\"https:\\\/\\\/graph-co.com\\\/\",\"logo\":{\"@type\":\"ImageObject\",\"inLanguage\":\"en-GB\",\"@id\":\"https:\\\/\\\/graph-co.com\\\/#\\\/schema\\\/logo\\\/image\\\/\",\"url\":\"https:\\\/\\\/graph-co.com\\\/wp-content\\\/uploads\\\/2023\\\/07\\\/Graph_Co_Square_Inside_Logo.svg\",\"contentUrl\":\"https:\\\/\\\/graph-co.com\\\/wp-content\\\/uploads\\\/2023\\\/07\\\/Graph_Co_Square_Inside_Logo.svg\",\"width\":549,\"height\":549,\"caption\":\"Graph-Co\"},\"image\":{\"@id\":\"https:\\\/\\\/graph-co.com\\\/#\\\/schema\\\/logo\\\/image\\\/\"}}]}<\/script>\n<!-- \/ Yoast SEO plugin. -->","yoast_head_json":{"title":"job-01 - Graph-Co","robots":{"index":"index","follow":"follow","max-snippet":"max-snippet:-1","max-image-preview":"max-image-preview:large","max-video-preview":"max-video-preview:-1"},"canonical":"https:\/\/graph-co.com\/en\/job-01\/","og_locale":"en_GB","og_type":"article","og_title":"job-01 - Graph-Co","og_description":"Technischer Zeichner mit COMOS-P&#038;ID Erfahrung (m\/w) Teil- oder Vollzeit \/ Home-Office Du bist Technischer Zeichner, versiert im COMOS P&amp;ID-Modul und m\u00f6chtest dein Wissen in innovativen L\u00f6sungen zur Geltung bringen? Graph-Co bietet dir die M\u00f6glichkeit deine Kenntnisse und F\u00e4higkeiten in einem innovativen Unternehmensumfeld einzubringen und state-of-the-Art L\u00f6sungen mitzugestalten. DEINE AUFGABEN XML-Dateien mit P&amp;ID Inhalten in COMOS [&hellip;]","og_url":"https:\/\/graph-co.com\/en\/job-01\/","og_site_name":"Graph-Co","article_modified_time":"2024-05-24T10:37:40+00:00","twitter_card":"summary_large_image","twitter_misc":{"Estimated reading time":"1 minute"},"schema":{"@context":"https:\/\/schema.org","@graph":[{"@type":"WebPage","@id":"https:\/\/graph-co.com\/job-01","url":"https:\/\/graph-co.com\/job-01","name":"job-01 - Graph-Co","isPartOf":{"@id":"https:\/\/graph-co.com\/#website"},"datePublished":"2024-05-24T06:26:45+00:00","dateModified":"2024-05-24T10:37:40+00:00","breadcrumb":{"@id":"https:\/\/graph-co.com\/job-01#breadcrumb"},"inLanguage":"en-GB","potentialAction":[{"@type":"ReadAction","target":["https:\/\/graph-co.com\/job-01"]}]},{"@type":"BreadcrumbList","@id":"https:\/\/graph-co.com\/job-01#breadcrumb","itemListElement":[{"@type":"ListItem","position":1,"name":"Home","item":"https:\/\/graph-co.com\/"},{"@type":"ListItem","position":2,"name":"job-01"}]},{"@type":"WebSite","@id":"https:\/\/graph-co.com\/#website","url":"https:\/\/graph-co.com\/","name":"Graph-Co","description":"","publisher":{"@id":"https:\/\/graph-co.com\/#organization"},"potentialAction":[{"@type":"SearchAction","target":{"@type":"EntryPoint","urlTemplate":"https:\/\/graph-co.com\/?s={search_term_string}"},"query-input":{"@type":"PropertyValueSpecification","valueRequired":true,"valueName":"search_term_string"}}],"inLanguage":"en-GB"},{"@type":"Organization","@id":"https:\/\/graph-co.com\/#organization","name":"Graph-Co","url":"https:\/\/graph-co.com\/","logo":{"@type":"ImageObject","inLanguage":"en-GB","@id":"https:\/\/graph-co.com\/#\/schema\/logo\/image\/","url":"https:\/\/graph-co.com\/wp-content\/uploads\/2023\/07\/Graph_Co_Square_Inside_Logo.svg","contentUrl":"https:\/\/graph-co.com\/wp-content\/uploads\/2023\/07\/Graph_Co_Square_Inside_Logo.svg","width":549,"height":549,"caption":"Graph-Co"},"image":{"@id":"https:\/\/graph-co.com\/#\/schema\/logo\/image\/"}}]}},"_links":{"self":[{"href":"https:\/\/graph-co.com\/en\/wp-json\/wp\/v2\/pages\/1993","targetHints":{"allow":["GET"]}}],"collection":[{"href":"https:\/\/graph-co.com\/en\/wp-json\/wp\/v2\/pages"}],"about":[{"href":"https:\/\/graph-co.com\/en\/wp-json\/wp\/v2\/types\/page"}],"author":[{"embeddable":true,"href":"https:\/\/graph-co.com\/en\/wp-json\/wp\/v2\/users\/1"}],"replies":[{"embeddable":true,"href":"https:\/\/graph-co.com\/en\/wp-json\/wp\/v2\/comments?post=1993"}],"version-history":[{"count":10,"href":"https:\/\/graph-co.com\/en\/wp-json\/wp\/v2\/pages\/1993\/revisions"}],"predecessor-version":[{"id":2020,"href":"https:\/\/graph-co.com\/en\/wp-json\/wp\/v2\/pages\/1993\/revisions\/2020"}],"wp:attachment":[{"href":"https:\/\/graph-co.com\/en\/wp-json\/wp\/v2\/media?parent=1993"}],"curies":[{"name":"wp","href":"https:\/\/api.w.org\/{rel}","templated":true}]}}